{"id":270,"date":"2025-09-02T03:28:20","date_gmt":"2025-09-02T03:28:20","guid":{"rendered":"https:\/\/publicflyperu.com\/?page_id=270"},"modified":"2025-09-02T03:43:51","modified_gmt":"2025-09-02T03:43:51","slug":"vuelos-en-parapente-y-paratrike-en-lima-2","status":"publish","type":"page","link":"https:\/\/publicflyperu.com\/en\/vuelos-en-parapente-y-paratrike-en-lima-2\/","title":{"rendered":"vuelos en parapente y paratrike en Lima"},"content":{"rendered":"<div data-elementor-type=\"wp-page\" data-elementor-id=\"270\" class=\"elementor elementor-270\" data-elementor-post-type=\"page\">\n\t\t\t\t<div class=\"elementor-element elementor-element-831d6c2 e-con-full e-flex e-con e-parent\" data-id=\"831d6c2\" data-element_type=\"container\">\n\t\t\t\t<div class=\"elementor-element elementor-element-51dd653 elementor-widget elementor-widget-html\" data-id=\"51dd653\" data-element_type=\"widget\" data-widget_type=\"html.default\">\n\t\t\t\t<div class=\"elementor-widget-container\">\n\t\t\t\t\t<!-- Hero \/ Intro -->\r\n<section id=\"hero-vuelos\" style=\"padding:40px; max-width:960px; margin:auto; text-align:center;\">\r\n  <h1 style=\"font-size:2.2em; color:#1a1a1a;\">Vuelos en Parapente en Lima con Video 360\u00b0<\/h1>\r\n  <p>Disfruta de los mejores <strong>vuelos en parapente en Lima<\/strong> con Public Fly Per\u00fa. \r\n  Ofrecemos experiencias \u00fanicas sobre la Costa Verde y las playas del sur, en parapente o paratrike, \r\n  con video incluido en c\u00e1mara Insta360.<\/p>\r\n<\/section>\r\n\t\t\t\t<\/div>\n\t\t\t\t<\/div>\n\t\t\t\t<\/div>\n\t\t<div class=\"elementor-element elementor-element-f99d0ad e-flex e-con-boxed e-con e-parent\" data-id=\"f99d0ad\" data-element_type=\"container\">\n\t\t\t\t\t<div class=\"e-con-inner\">\n\t\t\t\t<div class=\"elementor-element elementor-element-3d978b6 elementor-widget__width-inherit elementor-absolute elementor-widget elementor-widget-html\" data-id=\"3d978b6\" data-element_type=\"widget\" data-settings=\"{&quot;_position&quot;:&quot;absolute&quot;}\" data-widget_type=\"html.default\">\n\t\t\t\t<div class=\"elementor-widget-container\">\n\t\t\t\t\t<!-- Zonas de Vuelo -->\r\n<section id=\"zonas-vuelo\" style=\"padding:40px; max-width:960px; margin:auto;\">\r\n  <h2 style=\"color:#005580;\">\u00bfD\u00f3nde realizamos vuelos en parapente en Lima?<\/h2>\r\n  <ul>\r\n    <li><strong>Costa Verde<\/strong> (Miraflores, Barranco, Chorrillos): Vuelos esc\u00e9nicos desde los acantilados frente al mar.<\/li>\r\n    <li><strong>Playas del Sur \u2013 San Pedro (Lur\u00edn)<\/strong>: Sobrevuela el mar, las dunas y el valle de Pachac\u00e1mac.<\/li>\r\n  <\/ul>\r\n<\/section>\r\n\t\t\t\t<\/div>\n\t\t\t\t<\/div>\n\t\t\t\t\t<\/div>\n\t\t\t\t<\/div>\n\t\t<div class=\"elementor-element elementor-element-fdcc434 e-flex e-con-boxed e-con e-parent\" data-id=\"fdcc434\" data-element_type=\"container\">\n\t\t\t\t\t<div class=\"e-con-inner\">\n\t\t\t\t<div class=\"elementor-element elementor-element-e51af42 elementor-widget elementor-widget-html\" data-id=\"e51af42\" data-element_type=\"widget\" data-widget_type=\"html.default\">\n\t\t\t\t<div class=\"elementor-widget-container\">\n\t\t\t\t\t<!-- Incluye -->\r\n<section id=\"incluye-vuelo\" style=\"padding:40px; background:#f8f8f8; max-width:960px; margin:auto;\">\r\n  <h2 style=\"color:#005580;\">\u00bfQu\u00e9 incluye tu experiencia?<\/h2>\r\n  <ul>\r\n    <li>Vuelo en parapente o paratrike (10\u201315 minutos)<\/li>\r\n    <li><strong>Video HD en 360\u00b0 con c\u00e1mara Insta360<\/strong><\/li>\r\n    <li>Piloto certificado y equipo homologado<\/li>\r\n    <li>Seguro contra accidentes<\/li>\r\n    <li>Recojo desde hotel (opcional)<\/li>\r\n  <\/ul>\r\n<\/section>\r\n\t\t\t\t<\/div>\n\t\t\t\t<\/div>\n\t\t\t\t\t<\/div>\n\t\t\t\t<\/div>\n\t\t<div class=\"elementor-element elementor-element-ad8726f e-flex e-con-boxed e-con e-parent\" data-id=\"ad8726f\" data-element_type=\"container\">\n\t\t\t\t\t<div class=\"e-con-inner\">\n\t\t\t\t<div class=\"elementor-element elementor-element-22417d7 elementor-widget elementor-widget-html\" data-id=\"22417d7\" data-element_type=\"widget\" data-widget_type=\"html.default\">\n\t\t\t\t<div class=\"elementor-widget-container\">\n\t\t\t\t\t<!-- Precios -->\r\n<section id=\"precios-vuelo\" style=\"padding:40px; max-width:960px; margin:auto; text-align:center;\">\r\n  <h2 style=\"color:#005580;\">Precios<\/h2>\r\n  <p>Desde <strong>S\/180 soles<\/strong> por persona. Tarifas especiales para parejas y grupos.<\/p>\r\n<\/section>\r\n\t\t\t\t<\/div>\n\t\t\t\t<\/div>\n\t\t\t\t\t<\/div>\n\t\t\t\t<\/div>\n\t\t<div class=\"elementor-element elementor-element-7a7ce4e e-flex e-con-boxed e-con e-parent\" data-id=\"7a7ce4e\" data-element_type=\"container\">\n\t\t\t\t\t<div class=\"e-con-inner\">\n\t\t\t\t<div class=\"elementor-element elementor-element-3d69a84 elementor-widget elementor-widget-wpforms\" data-id=\"3d69a84\" data-element_type=\"widget\" data-widget_type=\"wpforms.default\">\n\t\t\t\t<div class=\"elementor-widget-container\">\n\t\t\t\t\t<style id=\"wpforms-css-vars-elementor-widget-3d69a84\">\n\t\t\t\t.elementor-widget-wpforms.elementor-element-3d69a84 {\n\t\t\t\t--wpforms-field-border-radius: 8px;\n--wpforms-field-border-color: #F1F2F8;\n--wpforms-field-border-color-spare: #F1F2F8;\n--wpforms-field-text-color: #303a4d;\n--wpforms-button-border-radius: 100px;\n--wpforms-button-background-color: #303A4D;\n--wpforms-field-size-input-height: 50px;\n--wpforms-field-size-input-spacing: 20px;\n--wpforms-field-size-font-size: 18px;\n--wpforms-field-size-line-height: 21px;\n--wpforms-field-size-padding-h: 14px;\n--wpforms-field-size-checkbox-size: 18px;\n--wpforms-field-size-sublabel-spacing: 10px;\n--wpforms-field-size-icon-size: 1.25;\n--wpforms-button-size-font-size: 20px;\n--wpforms-button-size-height: 48px;\n--wpforms-button-size-padding-h: 20px;\n--wpforms-button-size-margin-top: 15px;\n\n\t\t\t}\n\t\t\t<\/style><div class=\"wpforms-container wpforms-container-full wpforms-render-modern\" id=\"wpforms-7\"><form id=\"wpforms-form-7\" class=\"wpforms-validate wpforms-form wpforms-ajax-form\" data-formid=\"7\" method=\"post\" enctype=\"multipart\/form-data\" action=\"\/en\/wp-json\/wp\/v2\/pages\/270\" data-token=\"22f1b462810654a2ae090cd3a5cffc05\" data-token-time=\"1776398131\" data-trp-original-action=\"\/en\/wp-json\/wp\/v2\/pages\/270\"><noscript class=\"wpforms-error-noscript\">Please enable JavaScript in your browser to complete this form.<\/noscript><div id=\"wpforms-error-noscript\" style=\"display: none;\">Please enable JavaScript in your browser to complete this form.<\/div><div class=\"wpforms-field-container\"><div id=\"wpforms-7-field_1-container\" class=\"wpforms-field wpforms-field-name\" data-field-id=\"1\"><label class=\"wpforms-field-label wpforms-label-hide\" for=\"wpforms-7-field_1\" aria-hidden=\"false\">Nombre* <span class=\"wpforms-required-label\" aria-hidden=\"true\">*<\/span><\/label><input type=\"text\" id=\"wpforms-7-field_1\" class=\"wpforms-field-large wpforms-field-required\" name=\"wpforms[fields][1]\" placeholder=\"Name\" aria-errormessage=\"wpforms-7-field_1-error\" required><\/div><div id=\"wpforms-7-field_2-container\" class=\"wpforms-field wpforms-field-email\" data-field-id=\"2\"><label class=\"wpforms-field-label wpforms-label-hide\" for=\"wpforms-7-field_2\" aria-hidden=\"false\">Correo electr\u00f3nico* <span class=\"wpforms-required-label\" aria-hidden=\"true\">*<\/span><\/label><input type=\"email\" id=\"wpforms-7-field_2\" class=\"wpforms-field-large wpforms-field-required\" name=\"wpforms[fields][2]\" placeholder=\"Email\" spellcheck=\"false\" aria-errormessage=\"wpforms-7-field_2-error\" required><\/div>\t\t<div id=\"wpforms-7-field_4-container\"\n\t\t\tclass=\"wpforms-field wpforms-field-text\"\n\t\t\tdata-field-type=\"text\"\n\t\t\tdata-field-id=\"4\"\n\t\t\t>\n\t\t\t<label class=\"wpforms-field-label\" for=\"wpforms-7-field_4\" >Nombre* Mensaje electr\u00f3nico*<\/label>\n\t\t\t<input type=\"text\" id=\"wpforms-7-field_4\" class=\"wpforms-field-medium\" name=\"wpforms[fields][4]\" >\n\t\t<\/div>\n\t\t<div id=\"wpforms-7-field_3-container\" class=\"wpforms-field wpforms-field-textarea\" data-field-id=\"3\"><label class=\"wpforms-field-label wpforms-label-hide\" for=\"wpforms-7-field_3\" aria-hidden=\"false\">Mensaje<\/label><textarea id=\"wpforms-7-field_3\" class=\"wpforms-field-medium\" name=\"wpforms[fields][3]\" placeholder=\"Message\" aria-errormessage=\"wpforms-7-field_3-error\" ><\/textarea><\/div><script>\n\t\t\t\t( function() {\n\t\t\t\t\tconst style = document.createElement( 'style' );\n\t\t\t\t\tstyle.appendChild( document.createTextNode( '#wpforms-7-field_4-container { position: absolute !important; overflow: hidden !important; display: inline !important; height: 1px !important; width: 1px !important; z-index: -1000 !important; padding: 0 !important; } #wpforms-7-field_4-container input { visibility: hidden; } #wpforms-conversational-form-page #wpforms-7-field_4-container label { counter-increment: none; }' ) );\n\t\t\t\t\tdocument.head.appendChild( style );\n\t\t\t\t\tdocument.currentScript?.remove();\n\t\t\t\t} )();\n\t\t\t<\/script><\/div><!-- .wpforms-field-container --><div class=\"wpforms-submit-container\" ><input type=\"hidden\" name=\"wpforms[id]\" value=\"7\"><input type=\"hidden\" name=\"page_title\" value=\"\"><input type=\"hidden\" name=\"page_url\" value=\"https:\/\/publicflyperu.com\/en\/wp-json\/wp\/v2\/pages\/270\"><input type=\"hidden\" name=\"url_referer\" value=\"\"><button type=\"submit\" name=\"wpforms[submit]\" id=\"wpforms-submit-7\" class=\"wpforms-submit\" data-alt-text=\"Sending...\" data-submit-text=\"Enviar mensaje\" aria-live=\"assertive\" value=\"wpforms-submit\">Enviar mensaje<\/button><img decoding=\"async\" src=\"https:\/\/publicflyperu.com\/wp-content\/plugins\/wpforms-lite\/assets\/images\/submit-spin.svg\" class=\"wpforms-submit-spinner\" style=\"display: none;\" width=\"26\" height=\"26\" alt=\"Loading\"><\/div><input type=\"hidden\" name=\"trp-form-language\" value=\"en\"\/><\/form><\/div>  <!-- .wpforms-container -->\t\t\t\t<\/div>\n\t\t\t\t<\/div>\n\t\t\t\t\t<\/div>\n\t\t\t\t<\/div>\n\t\t<div class=\"elementor-element elementor-element-c5cb898 e-flex e-con-boxed e-con e-parent\" data-id=\"c5cb898\" data-element_type=\"container\">\n\t\t\t\t\t<div class=\"e-con-inner\">\n\t\t\t\t<div class=\"elementor-element elementor-element-d4de6bb elementor-widget elementor-widget-html\" data-id=\"d4de6bb\" data-element_type=\"widget\" data-widget_type=\"html.default\">\n\t\t\t\t<div class=\"elementor-widget-container\">\n\t\t\t\t\t<!-- Por qu\u00e9 elegir -->\r\n<section id=\"porque-elegir\" style=\"padding:40px; background:#f8f8f8; max-width:960px; margin:auto;\">\r\n  <h2 style=\"color:#005580;\">\u00bfPor qu\u00e9 elegir nuestros vuelos en parapente en Lima?<\/h2>\r\n  <ul>\r\n    <li><strong>Video Insta360 gratis<\/strong> incluido en todos los vuelos<\/li>\r\n    <li>Atenci\u00f3n personalizada y opci\u00f3n de transporte<\/li>\r\n    <li>Pilotos certificados y excelente reputaci\u00f3n<\/li>\r\n    <li>Experiencia segura, profesional y divertida<\/li>\r\n  <\/ul>\r\n<\/section>\r\n\t\t\t\t<\/div>\n\t\t\t\t<\/div>\n\t\t\t\t\t<\/div>\n\t\t\t\t<\/div>\n\t\t<div class=\"elementor-element elementor-element-00070c9 e-flex e-con-boxed e-con e-parent\" data-id=\"00070c9\" data-element_type=\"container\">\n\t\t\t\t\t<div class=\"e-con-inner\">\n\t\t\t\t<div class=\"elementor-element elementor-element-5f7cc6d elementor-widget elementor-widget-html\" data-id=\"5f7cc6d\" data-element_type=\"widget\" data-widget_type=\"html.default\">\n\t\t\t\t<div class=\"elementor-widget-container\">\n\t\t\t\t\t<!-- Texto largo SEO -->\r\n<section id=\"texto-seo\" style=\"padding:40px; max-width:960px; margin:auto;\">\r\n  <h2 style=\"color:#005580;\">Vuela seguro con Public Fly Per\u00fa<\/h2>\r\n  <p>En Public Fly Per\u00fa, llevamos a\u00f1os ofreciendo <strong>vuelos en parapente en Lima<\/strong> con los m\u00e1s altos est\u00e1ndares de seguridad y servicio. Nuestros pilotos est\u00e1n certificados y capacitados para brindarte una experiencia emocionante pero segura, ya sea en parapente tradicional o en paratrike motorizado.<\/p>\r\n  <p>Nos especializamos en crear momentos inolvidables para turistas, parejas, familias o personas que quieren superar su miedo a las alturas. Desde la Costa Verde hasta las playas del sur como San Pedro en Lur\u00edn, cada vuelo es una aventura con vistas impresionantes del mar, los acantilados y la ciudad.<\/p>\r\n  <p>Adem\u00e1s, todos nuestros <strong>vuelos en parapente en Lima<\/strong> incluyen video con c\u00e1mara Insta360, permiti\u00e9ndote revivir la experiencia en 360\u00b0 y compartirla en tus redes sociales.<\/p>\r\n  <p>\u00bfQuieres ver m\u00e1s experiencias a\u00e9reas? Visita nuestra \r\n     <a href=\"\/en\/galeria-de-vuelos\/\">galer\u00eda de vuelos<\/a> o conoce nuestros \r\n     <a href=\"\/en\/clases-de-parapente-en-lima\/\">cursos de parapente en Lima<\/a>.\r\n  <\/p>\r\n<\/section>\r\n\t\t\t\t<\/div>\n\t\t\t\t<\/div>\n\t\t\t\t\t<\/div>\n\t\t\t\t<\/div>\n\t\t<div class=\"elementor-element elementor-element-fe81dd8 e-flex e-con-boxed e-con e-parent\" data-id=\"fe81dd8\" data-element_type=\"container\">\n\t\t\t\t\t<div class=\"e-con-inner\">\n\t\t\t\t<div class=\"elementor-element elementor-element-26d94e3 elementor-widget elementor-widget-html\" data-id=\"26d94e3\" data-element_type=\"widget\" data-widget_type=\"html.default\">\n\t\t\t\t<div class=\"elementor-widget-container\">\n\t\t\t\t\t<!-- Galer\u00eda -->\r\n<section id=\"galeria-vuelos\" style=\"padding:40px; max-width:960px; margin:auto;\">\r\n  <h2 style=\"color:#005580;\">Galer\u00eda de fotos y videos<\/h2>\r\n  <div style=\"display:grid; grid-template-columns: repeat(auto-fit, minmax(280px,1fr)); gap:20px; margin-top:20px;\">\r\n    <img decoding=\"async\" src=\"https:\/\/publicflyperu.com\/wp-content\/uploads\/2025\/07\/vuelo-parapente-costa-verde.jpg\" \r\n         alt=\"Vuelos en parapente en Lima Costa Verde\" style=\"width:100%; border-radius:12px;\">\r\n    <img decoding=\"async\" src=\"https:\/\/publicflyperu.com\/wp-content\/uploads\/2025\/07\/Paratrike-flight-in-Lurin-beach-scaled-e1751683276797.jpg\" \r\n         alt=\"Vuelo en paratrike en Lur\u00edn\" style=\"width:100%; border-radius:12px;\">\r\n    <img decoding=\"async\" src=\"https:\/\/publicflyperu.com\/wp-content\/uploads\/2025\/07\/Aerial-view-with-Insta360-camera-e1751683935437.jpg\" \r\n         alt=\"Video 360 con c\u00e1mara Insta360 en vuelo\" style=\"width:100%; border-radius:12px;\">\r\n  <\/div>\r\n<\/section>\r\n\t\t\t\t<\/div>\n\t\t\t\t<\/div>\n\t\t\t\t\t<\/div>\n\t\t\t\t<\/div>\n\t\t\t\t<\/div>","protected":false},"excerpt":{"rendered":"<p>Vuelos en Parapente en Lima con Video 360\u00b0 Disfruta de los mejores vuelos en parapente en Lima con Public Fly [&hellip;]<\/p>","protected":false},"author":1,"featured_media":0,"parent":0,"menu_order":0,"comment_status":"closed","ping_status":"closed","template":"","meta":{"site-sidebar-layout":"no-sidebar","site-content-layout":"","ast-site-content-layout":"full-width-container","site-content-style":"default","site-sidebar-style":"default","ast-global-header-display":"","ast-banner-title-visibility":"","ast-main-header-display":"","ast-hfb-above-header-display":"","ast-hfb-below-header-display":"","ast-hfb-mobile-header-display":"","site-post-title":"disabled","ast-breadcrumbs-content":"","ast-featured-img":"disabled","footer-sml-layout":"","theme-transparent-header-meta":"","adv-header-id-meta":"","stick-header-meta":"","header-above-stick-meta":"","header-main-stick-meta":"","header-below-stick-meta":"","astra-migrate-meta-layouts":"default","ast-page-background-enabled":"default","ast-page-background-meta":{"desktop":{"background-color":"var(--ast-global-color-4)","background-image":"","background-repeat":"repeat","background-position":"center center","background-size":"auto","background-attachment":"scroll","background-type":"","background-media":"","overlay-type":"","overlay-color":"","overlay-opacity":"","overlay-gradient":""},"tablet":{"background-color":"","background-image":"","background-repeat":"repeat","background-position":"center center","background-size":"auto","background-attachment":"scroll","background-type":"","background-media":"","overlay-type":"","overlay-color":"","overlay-opacity":"","overlay-gradient":""},"mobile":{"background-color":"","background-image":"","background-repeat":"repeat","background-position":"center center","background-size":"auto","background-attachment":"scroll","background-type":"","background-media":"","overlay-type":"","overlay-color":"","overlay-opacity":"","overlay-gradient":""}},"ast-content-background-meta":{"desktop":{"background-color":"var(--ast-global-color-5)","background-image":"","background-repeat":"repeat","background-position":"center center","background-size":"auto","background-attachment":"scroll","background-type":"","background-media":"","overlay-type":"","overlay-color":"","overlay-opacity":"","overlay-gradient":""},"tablet":{"background-color":"var(--ast-global-color-5)","background-image":"","background-repeat":"repeat","background-position":"center center","background-size":"auto","background-attachment":"scroll","background-type":"","background-media":"","overlay-type":"","overlay-color":"","overlay-opacity":"","overlay-gradient":""},"mobile":{"background-color":"var(--ast-global-color-5)","background-image":"","background-repeat":"repeat","background-position":"center center","background-size":"auto","background-attachment":"scroll","background-type":"","background-media":"","overlay-type":"","overlay-color":"","overlay-opacity":"","overlay-gradient":""}},"footnotes":""},"class_list":["post-270","page","type-page","status-publish","hentry"],"yoast_head":"<!-- This site is optimized with the Yoast SEO plugin v25.9 - https:\/\/yoast.com\/wordpress\/plugins\/seo\/ -->\n<title>vuelos en parapente y paratrike en Lima -<\/title>\n<meta name=\"description\" content=\"Disfruta de los mejores vuelos en parapente en Lima. Incluye video Insta360, transporte y pilotos certificados. \u00a1Vuela con Public Fly Per\u00fa!\" \/>\n<meta name=\"robots\" content=\"index, follow, max-snippet:-1, max-image-preview:large, max-video-preview:-1\" \/>\n<link rel=\"canonical\" href=\"https:\/\/publicflyperu.com\/en\/vuelos-en-parapente-y-paratrike-en-lima-2\/\" \/>\n<meta property=\"og:locale\" content=\"en_US\" \/>\n<meta property=\"og:type\" content=\"article\" \/>\n<meta property=\"og:title\" content=\"vuelos en parapente y paratrike en Lima -\" \/>\n<meta property=\"og:description\" content=\"Disfruta de los mejores vuelos en parapente en Lima. Incluye video Insta360, transporte y pilotos certificados. \u00a1Vuela con Public Fly Per\u00fa!\" \/>\n<meta property=\"og:url\" content=\"https:\/\/publicflyperu.com\/en\/vuelos-en-parapente-y-paratrike-en-lima-2\/\" \/>\n<meta property=\"article:modified_time\" content=\"2025-09-02T03:43:51+00:00\" \/>\n<meta property=\"og:image\" content=\"https:\/\/publicflyperu.com\/wp-content\/plugins\/wpforms-lite\/assets\/images\/submit-spin.svg\" \/>\n<meta name=\"twitter:card\" content=\"summary_large_image\" \/>\n<meta name=\"twitter:label1\" content=\"Est. reading time\" \/>\n\t<meta name=\"twitter:data1\" content=\"3 minutes\" \/>\n<script type=\"application\/ld+json\" class=\"yoast-schema-graph\">{\"@context\":\"https:\/\/schema.org\",\"@graph\":[{\"@type\":\"WebPage\",\"@id\":\"https:\/\/publicflyperu.com\/vuelos-en-parapente-y-paratrike-en-lima-2\/\",\"url\":\"https:\/\/publicflyperu.com\/vuelos-en-parapente-y-paratrike-en-lima-2\/\",\"name\":\"vuelos en parapente y paratrike en Lima -\",\"isPartOf\":{\"@id\":\"https:\/\/publicflyperu.com\/#website\"},\"primaryImageOfPage\":{\"@id\":\"https:\/\/publicflyperu.com\/vuelos-en-parapente-y-paratrike-en-lima-2\/#primaryimage\"},\"image\":{\"@id\":\"https:\/\/publicflyperu.com\/vuelos-en-parapente-y-paratrike-en-lima-2\/#primaryimage\"},\"thumbnailUrl\":\"https:\/\/publicflyperu.com\/wp-content\/plugins\/wpforms-lite\/assets\/images\/submit-spin.svg\",\"datePublished\":\"2025-09-02T03:28:20+00:00\",\"dateModified\":\"2025-09-02T03:43:51+00:00\",\"description\":\"Disfruta de los mejores vuelos en parapente en Lima. Incluye video Insta360, transporte y pilotos certificados. \u00a1Vuela con Public Fly Per\u00fa!\",\"breadcrumb\":{\"@id\":\"https:\/\/publicflyperu.com\/vuelos-en-parapente-y-paratrike-en-lima-2\/#breadcrumb\"},\"inLanguage\":\"en-US\",\"potentialAction\":[{\"@type\":\"ReadAction\",\"target\":[\"https:\/\/publicflyperu.com\/vuelos-en-parapente-y-paratrike-en-lima-2\/\"]}]},{\"@type\":\"ImageObject\",\"inLanguage\":\"en-US\",\"@id\":\"https:\/\/publicflyperu.com\/vuelos-en-parapente-y-paratrike-en-lima-2\/#primaryimage\",\"url\":\"https:\/\/publicflyperu.com\/wp-content\/plugins\/wpforms-lite\/assets\/images\/submit-spin.svg\",\"contentUrl\":\"https:\/\/publicflyperu.com\/wp-content\/plugins\/wpforms-lite\/assets\/images\/submit-spin.svg\"},{\"@type\":\"BreadcrumbList\",\"@id\":\"https:\/\/publicflyperu.com\/vuelos-en-parapente-y-paratrike-en-lima-2\/#breadcrumb\",\"itemListElement\":[{\"@type\":\"ListItem\",\"position\":1,\"name\":\"Portada\",\"item\":\"https:\/\/publicflyperu.com\/\"},{\"@type\":\"ListItem\",\"position\":2,\"name\":\"vuelos en parapente y paratrike en Lima\"}]},{\"@type\":\"WebSite\",\"@id\":\"https:\/\/publicflyperu.com\/#website\",\"url\":\"https:\/\/publicflyperu.com\/\",\"name\":\"\",\"description\":\"\",\"potentialAction\":[{\"@type\":\"SearchAction\",\"target\":{\"@type\":\"EntryPoint\",\"urlTemplate\":\"https:\/\/publicflyperu.com\/?s={search_term_string}\"},\"query-input\":{\"@type\":\"PropertyValueSpecification\",\"valueRequired\":true,\"valueName\":\"search_term_string\"}}],\"inLanguage\":\"en-US\"}]}<\/script>\n<!-- \/ Yoast SEO plugin. -->","yoast_head_json":{"title":"vuelos en parapente y paratrike en Lima -","description":"Disfruta de los mejores vuelos en parapente en Lima. Incluye video Insta360, transporte y pilotos certificados. \u00a1Vuela con Public Fly Per\u00fa!","robots":{"index":"index","follow":"follow","max-snippet":"max-snippet:-1","max-image-preview":"max-image-preview:large","max-video-preview":"max-video-preview:-1"},"canonical":"https:\/\/publicflyperu.com\/en\/vuelos-en-parapente-y-paratrike-en-lima-2\/","og_locale":"en_US","og_type":"article","og_title":"vuelos en parapente y paratrike en Lima -","og_description":"Disfruta de los mejores vuelos en parapente en Lima. Incluye video Insta360, transporte y pilotos certificados. \u00a1Vuela con Public Fly Per\u00fa!","og_url":"https:\/\/publicflyperu.com\/en\/vuelos-en-parapente-y-paratrike-en-lima-2\/","article_modified_time":"2025-09-02T03:43:51+00:00","og_image":[{"url":"https:\/\/publicflyperu.com\/wp-content\/plugins\/wpforms-lite\/assets\/images\/submit-spin.svg","type":"","width":"","height":""}],"twitter_card":"summary_large_image","twitter_misc":{"Est. reading time":"3 minutes"},"schema":{"@context":"https:\/\/schema.org","@graph":[{"@type":"WebPage","@id":"https:\/\/publicflyperu.com\/vuelos-en-parapente-y-paratrike-en-lima-2\/","url":"https:\/\/publicflyperu.com\/vuelos-en-parapente-y-paratrike-en-lima-2\/","name":"vuelos en parapente y paratrike en Lima -","isPartOf":{"@id":"https:\/\/publicflyperu.com\/#website"},"primaryImageOfPage":{"@id":"https:\/\/publicflyperu.com\/vuelos-en-parapente-y-paratrike-en-lima-2\/#primaryimage"},"image":{"@id":"https:\/\/publicflyperu.com\/vuelos-en-parapente-y-paratrike-en-lima-2\/#primaryimage"},"thumbnailUrl":"https:\/\/publicflyperu.com\/wp-content\/plugins\/wpforms-lite\/assets\/images\/submit-spin.svg","datePublished":"2025-09-02T03:28:20+00:00","dateModified":"2025-09-02T03:43:51+00:00","description":"Disfruta de los mejores vuelos en parapente en Lima. Incluye video Insta360, transporte y pilotos certificados. \u00a1Vuela con Public Fly Per\u00fa!","breadcrumb":{"@id":"https:\/\/publicflyperu.com\/vuelos-en-parapente-y-paratrike-en-lima-2\/#breadcrumb"},"inLanguage":"en-US","potentialAction":[{"@type":"ReadAction","target":["https:\/\/publicflyperu.com\/vuelos-en-parapente-y-paratrike-en-lima-2\/"]}]},{"@type":"ImageObject","inLanguage":"en-US","@id":"https:\/\/publicflyperu.com\/vuelos-en-parapente-y-paratrike-en-lima-2\/#primaryimage","url":"https:\/\/publicflyperu.com\/wp-content\/plugins\/wpforms-lite\/assets\/images\/submit-spin.svg","contentUrl":"https:\/\/publicflyperu.com\/wp-content\/plugins\/wpforms-lite\/assets\/images\/submit-spin.svg"},{"@type":"BreadcrumbList","@id":"https:\/\/publicflyperu.com\/vuelos-en-parapente-y-paratrike-en-lima-2\/#breadcrumb","itemListElement":[{"@type":"ListItem","position":1,"name":"Portada","item":"https:\/\/publicflyperu.com\/"},{"@type":"ListItem","position":2,"name":"vuelos en parapente y paratrike en Lima"}]},{"@type":"WebSite","@id":"https:\/\/publicflyperu.com\/#website","url":"https:\/\/publicflyperu.com\/","name":"","description":"","potentialAction":[{"@type":"SearchAction","target":{"@type":"EntryPoint","urlTemplate":"https:\/\/publicflyperu.com\/?s={search_term_string}"},"query-input":{"@type":"PropertyValueSpecification","valueRequired":true,"valueName":"search_term_string"}}],"inLanguage":"en-US"}]}},"_links":{"self":[{"href":"https:\/\/publicflyperu.com\/en\/wp-json\/wp\/v2\/pages\/270","targetHints":{"allow":["GET"]}}],"collection":[{"href":"https:\/\/publicflyperu.com\/en\/wp-json\/wp\/v2\/pages"}],"about":[{"href":"https:\/\/publicflyperu.com\/en\/wp-json\/wp\/v2\/types\/page"}],"author":[{"embeddable":true,"href":"https:\/\/publicflyperu.com\/en\/wp-json\/wp\/v2\/users\/1"}],"replies":[{"embeddable":true,"href":"https:\/\/publicflyperu.com\/en\/wp-json\/wp\/v2\/comments?post=270"}],"version-history":[{"count":5,"href":"https:\/\/publicflyperu.com\/en\/wp-json\/wp\/v2\/pages\/270\/revisions"}],"predecessor-version":[{"id":288,"href":"https:\/\/publicflyperu.com\/en\/wp-json\/wp\/v2\/pages\/270\/revisions\/288"}],"wp:attachment":[{"href":"https:\/\/publicflyperu.com\/en\/wp-json\/wp\/v2\/media?parent=270"}],"curies":[{"name":"wp","href":"https:\/\/api.w.org\/{rel}","templated":true}]}}